{"id":814,"date":"2021-04-22T17:00:27","date_gmt":"2021-04-22T15:00:27","guid":{"rendered":"http:\/\/workingvisually.it\/?page_id=814"},"modified":"2025-04-23T23:53:54","modified_gmt":"2025-04-23T21:53:54","slug":"visual-for-science","status":"publish","type":"page","link":"https:\/\/workingvisually.it\/index.php\/visual-for-science\/","title":{"rendered":"Visual for science"},"content":{"rendered":"\t\t<div data-elementor-type=\"wp-page\" data-elementor-id=\"814\" class=\"elementor elementor-814\">\n\t\t\t\t\t\t<section class=\"elementor-section elementor-top-section elementor-element elementor-element-a6ac271 aux-appear-watch-animation aux-fade-in-left-2 elementor-section-boxed elementor-section-height-default elementor-section-height-default\" data-id=\"a6ac271\" data-element_type=\"section\" data-e-type=\"section\" data-settings=\"{&quot;background_background&quot;:&quot;gradient&quot;}\">\n\t\t\t\t\t\t<div class=\"elementor-container elementor-column-gap-no\">\n\t\t\t\t\t<div class=\"aux-parallax-section elementor-column elementor-col-50 elementor-top-column elementor-element elementor-element-91fd479\" data-id=\"91fd479\" data-element_type=\"column\" data-e-type=\"column\" data-settings=\"{&quot;background_background&quot;:&quot;classic&quot;}\">\n\t\t\t<div class=\"elementor-widget-wrap elementor-element-populated\">\n\t\t\t\t\t\t<div class=\"aux-scroll-anim elementor-element elementor-element-aea78db elementor-widget elementor-widget-aux_image\" data-move-in=\"\" data-move-out=\"moveHorizontal\" data-axis-x=\"-50\" data-axis-y=\"200\" data-rotate=\"90\" data-scale=\"1\" data-vp-top=\"0.5\" data-vp-bot=\"0.5\" data-el-top=\"0.2\" data-scroll-animation-off=\"1024\" data-id=\"aea78db\" data-element_type=\"widget\" data-e-type=\"widget\" data-widget_type=\"aux_image.default\">\n\t\t\t\t<div class=\"elementor-widget-container\">\n\t\t\t\t\t<section class=\"widget-container aux-widget-image aux-alignnone aux-parent-aua6905e0b\">\n    <div class=\"aux-media-hint-frame \">\n        <div class=\"aux-media-image \" >\n        \n            \n\n            \n            <img fetchpriority=\"high\" decoding=\"async\" width=\"1081\" height=\"814\" src=\"data:image\/gif;base64,R0lGODlhAQABAIAAAAAAAP\/\/\/yH5BAEAAAAALAAAAAABAAEAAAIBRAA7\" class=\"aux-attachment aux-featured-image aux-attachment-id-75 aux-preload aux-blank\" alt=\"demo-attachment-1639-background\" data-ratio=\"1.33\" data-original-w=\"1081\" data-src=\"https:\/\/workingvisually.it\/wp-content\/uploads\/2019\/12\/background.png\" \/>            \n                <\/div>\n    <\/div>\n\n<\/section><!-- widget-container -->\t\t\t\t<\/div>\n\t\t\t\t<\/div>\n\t\t\t\t<div class=\"aux-scroll-anim elementor-element elementor-element-88b98ed elementor-widget elementor-widget-aux_image\" data-move-in=\"\" data-move-out=\"moveHorizontal\" data-axis-x=\"40\" data-axis-y=\"200\" data-rotate=\"90\" data-scale=\"1\" data-vp-top=\"0.5\" data-vp-bot=\"0.5\" data-el-top=\"0.2\" data-scroll-animation-off=\"1024\" data-id=\"88b98ed\" data-element_type=\"widget\" data-e-type=\"widget\" data-widget_type=\"aux_image.default\">\n\t\t\t\t<div class=\"elementor-widget-container\">\n\t\t\t\t\t<section class=\"widget-container aux-widget-image aux-alignnone aux-parent-au1596ed59\">\n    <div class=\"aux-media-hint-frame \">\n        <div class=\"aux-media-image \" >\n        \n            \n\n            \n            <img decoding=\"async\" width=\"908\" height=\"655\" src=\"data:image\/gif;base64,R0lGODlhAQABAIAAAAAAAP\/\/\/yH5BAEAAAAALAAAAAABAAEAAAIBRAA7\" class=\"aux-attachment aux-featured-image aux-attachment-id-74 aux-preload aux-blank\" alt=\"demo-attachment-1640-blue-bg\" data-ratio=\"1.39\" data-original-w=\"908\" data-src=\"https:\/\/workingvisually.it\/wp-content\/uploads\/2019\/12\/blue-bg.png\" \/>            \n                <\/div>\n    <\/div>\n\n<\/section><!-- widget-container -->\t\t\t\t<\/div>\n\t\t\t\t<\/div>\n\t\t\t\t<div class=\"aux-scroll-anim elementor-element elementor-element-4193702 aux-appear-watch-animation aux-fade-in-right-1 elementor-widget elementor-widget-aux_image\" data-move-in=\"moveHorizontal\" data-move-out=\"moveHorizontal\" data-axis-x=\"10\" data-axis-y=\"200\" data-rotate=\"90\" data-scale=\"1\" data-vp-top=\"0.5\" data-vp-bot=\"0.5\" data-el-top=\"0.2\" data-scroll-animation-off=\"1024\" data-id=\"4193702\" data-element_type=\"widget\" data-e-type=\"widget\" data-widget_type=\"aux_image.default\">\n\t\t\t\t<div class=\"elementor-widget-container\">\n\t\t\t\t\t<section class=\"widget-container aux-widget-image aux-alignnone aux-parent-au7a62845b\">\n    <div class=\"aux-media-hint-frame \">\n        <div class=\"aux-media-image \" >\n        \n            \n\n            \n            <img decoding=\"async\" width=\"874\" height=\"1150\" src=\"data:image\/gif;base64,R0lGODlhAQABAIAAAAAAAP\/\/\/yH5BAEAAAAALAAAAAABAAEAAAIBRAA7\" class=\"aux-attachment aux-featured-image aux-attachment-id-816 aux-preload aux-blank\" alt=\"illo-Visual_Science\" data-ratio=\"0.76\" data-original-w=\"874\" data-src=\"https:\/\/workingvisually.it\/wp-content\/uploads\/2021\/04\/illo-Visual_Science-e1620027108907.png\" \/>            \n                <\/div>\n    <\/div>\n\n<\/section><!-- widget-container -->\t\t\t\t<\/div>\n\t\t\t\t<\/div>\n\t\t\t\t\t<\/div>\n\t\t<\/div>\n\t\t\t\t<div class=\"aux-parallax-section elementor-column elementor-col-50 elementor-top-column elementor-element elementor-element-f80ebbb\" data-id=\"f80ebbb\" data-element_type=\"column\" data-e-type=\"column\">\n\t\t\t<div class=\"elementor-widget-wrap elementor-element-populated\">\n\t\t\t\t\t\t<div class=\"elementor-element elementor-element-1a4c628 elementor-widget elementor-widget-aux_image\" data-id=\"1a4c628\" data-element_type=\"widget\" data-e-type=\"widget\" data-widget_type=\"aux_image.default\">\n\t\t\t\t<div class=\"elementor-widget-container\">\n\t\t\t\t\t<section class=\"widget-container aux-widget-image aux-alignnone aux-parent-auef260cad\">\n    <div class=\"aux-media-hint-frame \">\n        <div class=\"aux-media-image \" >\n        \n            \n\n            \n            <img loading=\"lazy\" decoding=\"async\" width=\"431\" height=\"398\" src=\"data:image\/gif;base64,R0lGODlhAQABAIAAAAAAAP\/\/\/yH5BAEAAAAALAAAAAABAAEAAAIBRAA7\" class=\"aux-attachment aux-featured-image aux-attachment-id-83 aux-preload aux-blank\" alt=\"demo-attachment-1177-background_header-1-1\" data-ratio=\"1.08\" data-original-w=\"431\" data-src=\"https:\/\/workingvisually.it\/wp-content\/uploads\/2019\/12\/background_header-1-1.png\" \/>            \n                <\/div>\n    <\/div>\n\n<\/section><!-- widget-container -->\t\t\t\t<\/div>\n\t\t\t\t<\/div>\n\t\t\t\t<div class=\"elementor-element elementor-element-444a0f1 elementor-widget-divider--view-line elementor-widget elementor-widget-divider\" data-id=\"444a0f1\" data-element_type=\"widget\" data-e-type=\"widget\" data-widget_type=\"divider.default\">\n\t\t\t\t<div class=\"elementor-widget-container\">\n\t\t\t\t\t\t\t<div class=\"elementor-divider\">\n\t\t\t<span class=\"elementor-divider-separator\">\n\t\t\t\t\t\t<\/span>\n\t\t<\/div>\n\t\t\t\t\t\t<\/div>\n\t\t\t\t<\/div>\n\t\t\t\t<div class=\"elementor-element elementor-element-5d4e541 elementor-widget elementor-widget-image\" data-id=\"5d4e541\" data-element_type=\"widget\" data-e-type=\"widget\" data-widget_type=\"image.default\">\n\t\t\t\t<div class=\"elementor-widget-container\">\n\t\t\t\t\t\t\t\t\t\t\t\t\t\t\t<img loading=\"lazy\" decoding=\"async\" width=\"768\" height=\"664\" src=\"https:\/\/workingvisually.it\/wp-content\/uploads\/2021\/05\/visual-for-science-logo-768x664.png\" class=\"attachment-medium_large size-medium_large wp-image-904\" alt=\"\" \/>\t\t\t\t\t\t\t\t\t\t\t\t\t\t\t<\/div>\n\t\t\t\t<\/div>\n\t\t\t\t<div class=\"elementor-element elementor-element-79ce893 aux-appear-watch-animation aux-fade-in-up-1 elementor-widget elementor-widget-aux_modern_heading\" data-id=\"79ce893\" data-element_type=\"widget\" data-e-type=\"widget\" data-widget_type=\"aux_modern_heading.default\">\n\t\t\t\t<div class=\"elementor-widget-container\">\n\t\t\t\t\t<section class=\"aux-widget-modern-heading\">\n            <div class=\"aux-widget-inner\"><p class=\"aux-modern-heading-primary\"><\/p><div class=\"aux-modern-heading-description\"><h4>Come il disegno e il pensiero visivo possono aiutare la scienza?<\/h4><p>Un metodo attivo migliorare la comunicazione visiva di chi fa scienza, senza intermediari<\/p><\/div><\/div>\n        <\/section>\t\t\t\t<\/div>\n\t\t\t\t<\/div>\n\t\t\t\t\t<\/div>\n\t\t<\/div>\n\t\t\t\t\t<\/div>\n\t\t<\/section>\n\t\t\t\t<section class=\"elementor-section elementor-top-section elementor-element elementor-element-1536425 elementor-section-boxed elementor-section-height-default elementor-section-height-default\" data-id=\"1536425\" data-element_type=\"section\" data-e-type=\"section\">\n\t\t\t\t\t\t<div class=\"elementor-container elementor-column-gap-default\">\n\t\t\t\t\t<div class=\"aux-parallax-section elementor-column elementor-col-100 elementor-top-column elementor-element elementor-element-4459ef7\" data-id=\"4459ef7\" data-element_type=\"column\" data-e-type=\"column\">\n\t\t\t<div class=\"elementor-widget-wrap elementor-element-populated\">\n\t\t\t\t\t\t<div class=\"elementor-element elementor-element-d44166d elementor-widget-divider--view-line elementor-widget elementor-widget-divider\" data-id=\"d44166d\" data-element_type=\"widget\" data-e-type=\"widget\" data-widget_type=\"divider.default\">\n\t\t\t\t<div class=\"elementor-widget-container\">\n\t\t\t\t\t\t\t<div class=\"elementor-divider\">\n\t\t\t<span class=\"elementor-divider-separator\">\n\t\t\t\t\t\t<\/span>\n\t\t<\/div>\n\t\t\t\t\t\t<\/div>\n\t\t\t\t<\/div>\n\t\t\t\t<div class=\"elementor-element elementor-element-321668c elementor-widget elementor-widget-heading\" data-id=\"321668c\" data-element_type=\"widget\" data-e-type=\"widget\" data-widget_type=\"heading.default\">\n\t\t\t\t<div class=\"elementor-widget-container\">\n\t\t\t\t\t<h4 class=\"elementor-heading-title elementor-size-default\">MIgliorare la comunicazione scientifica<\/h4>\t\t\t\t<\/div>\n\t\t\t\t<\/div>\n\t\t\t\t<section class=\"elementor-section elementor-inner-section elementor-element elementor-element-2cff4c7 elementor-section-boxed elementor-section-height-default elementor-section-height-default\" data-id=\"2cff4c7\" data-element_type=\"section\" data-e-type=\"section\">\n\t\t\t\t\t\t<div class=\"elementor-container elementor-column-gap-default\">\n\t\t\t\t\t<div class=\"aux-parallax-section elementor-column elementor-col-50 elementor-inner-column elementor-element elementor-element-c6aa79a\" data-id=\"c6aa79a\" data-element_type=\"column\" data-e-type=\"column\">\n\t\t\t<div class=\"elementor-widget-wrap elementor-element-populated\">\n\t\t\t\t\t\t<div class=\"elementor-element elementor-element-f93ac54 elementor-widget elementor-widget-image\" data-id=\"f93ac54\" data-element_type=\"widget\" data-e-type=\"widget\" data-widget_type=\"image.default\">\n\t\t\t\t<div class=\"elementor-widget-container\">\n\t\t\t\t\t\t\t\t\t\t\t\t\t\t\t<img loading=\"lazy\" decoding=\"async\" width=\"500\" height=\"775\" src=\"https:\/\/workingvisually.it\/wp-content\/uploads\/2021\/04\/02_Mineralogia_Generale_Luigi_Bombicci-Porta_1889.jpg\" class=\"attachment-large size-large wp-image-819\" alt=\"\" \/>\t\t\t\t\t\t\t\t\t\t\t\t\t\t\t<\/div>\n\t\t\t\t<\/div>\n\t\t\t\t\t<\/div>\n\t\t<\/div>\n\t\t\t\t<div class=\"aux-parallax-section elementor-column elementor-col-50 elementor-inner-column elementor-element elementor-element-41ec8d5\" data-id=\"41ec8d5\" data-element_type=\"column\" data-e-type=\"column\">\n\t\t\t<div class=\"elementor-widget-wrap elementor-element-populated\">\n\t\t\t\t\t\t<div class=\"elementor-element elementor-element-e0cab63 elementor-widget elementor-widget-text-editor\" data-id=\"e0cab63\" data-element_type=\"widget\" data-e-type=\"widget\" data-widget_type=\"text-editor.default\">\n\t\t\t\t<div class=\"elementor-widget-container\">\n\t\t\t\t\t\t\t\t\t<p>La comunicazione scientifica ha bisogno di immagini e rappresentazioni pensate ad hoc, ma chi fa scienza, molto spesso, non riesce a comunicarla nel modo migliore.<\/p><p>Si deve cambiare il metodo con cui si progetta la comunicazione: non pi\u00f9 a partire da un brief complesso, tentando di arrivare ad una soluzione di compromesso, bens\u00ec basandosi sull&#8217;ascolto attivo delle specificit\u00e0 e delle esigenze degli scienziati, per poi arrivare a produrre un documento di sintesi, sia testuale che visuale, dal quale produrre la comunicazione.<\/p><p>In questa fase preliminare attraverso domande e semplici esercizi di disegno si raccolgono informazioni, con la convinzione che chi fa scienza abbia gi\u00e0 in testa gli elementi della comunicazione visiva, ma semplicemente non sappia tradurli.<\/p><hr \/><p><b>Servizi\u00a0per ricercatori e aziende della scienza<br \/><\/b><\/p><p>1) <b>Graphic recording<\/b> (dal vivo e online) per conferenze e incontri a tema scientifico;<br \/>2) <b>Formazione Visual Storytelling<\/b> per presentare, raccontare, spiegare<br \/>la scienza;<br \/>3) <b>Infografiche e diagrammi<\/b>, <b>sintesi visive<\/b> per spiegare concetti, visualizzare processi e ricerche.<\/p>\t\t\t\t\t\t\t\t<\/div>\n\t\t\t\t<\/div>\n\t\t\t\t\t<\/div>\n\t\t<\/div>\n\t\t\t\t\t<\/div>\n\t\t<\/section>\n\t\t\t\t<div class=\"elementor-element elementor-element-0b4d06b elementor-widget elementor-widget-heading\" data-id=\"0b4d06b\" data-element_type=\"widget\" data-e-type=\"widget\" data-widget_type=\"heading.default\">\n\t\t\t\t<div class=\"elementor-widget-container\">\n\t\t\t\t\t<h4 class=\"elementor-heading-title elementor-size-default\">Clienti del settore scientifico<\/h4>\t\t\t\t<\/div>\n\t\t\t\t<\/div>\n\t\t\t\t<div class=\"elementor-element elementor-element-1771aeb elementor-widget elementor-widget-text-editor\" data-id=\"1771aeb\" data-element_type=\"widget\" data-e-type=\"widget\" data-widget_type=\"text-editor.default\">\n\t\t\t\t<div class=\"elementor-widget-container\">\n\t\t\t\t\t\t\t\t\t<p>Fondazione Flaminia Ravenna, Fondazione Bruno Kessler, Dip. di Beni Culturali Universit\u00e0 di Bologna, IRCSS Stella Maris Pisa, SNS Scuola Normale Superiore Pisa, Internet Festival Pisa, Regione Toscana per eventi &#8220;La ricerca va in scena&#8221;, Tecnosan Trento, EU project Heart,Merck spa, Pfizer, COOSS Marche.<\/p>\t\t\t\t\t\t\t\t<\/div>\n\t\t\t\t<\/div>\n\t\t\t\t\t<\/div>\n\t\t<\/div>\n\t\t\t\t\t<\/div>\n\t\t<\/section>\n\t\t\t\t<section class=\"elementor-section elementor-top-section elementor-element elementor-element-64f606e elementor-section-boxed elementor-section-height-default elementor-section-height-default\" data-id=\"64f606e\" data-element_type=\"section\" data-e-type=\"section\">\n\t\t\t\t\t\t<div class=\"elementor-container elementor-column-gap-default\">\n\t\t\t\t\t<div class=\"aux-parallax-section elementor-column elementor-col-100 elementor-top-column elementor-element elementor-element-414bb6d\" data-id=\"414bb6d\" data-element_type=\"column\" data-e-type=\"column\">\n\t\t\t<div class=\"elementor-widget-wrap elementor-element-populated\">\n\t\t\t\t\t\t<section class=\"elementor-section elementor-inner-section elementor-element elementor-element-6656e29 elementor-section-boxed elementor-section-height-default elementor-section-height-default\" data-id=\"6656e29\" data-element_type=\"section\" data-e-type=\"section\">\n\t\t\t\t\t\t<div class=\"elementor-container elementor-column-gap-default\">\n\t\t\t\t\t<div class=\"aux-parallax-section elementor-column elementor-col-50 elementor-inner-column elementor-element elementor-element-fec0e41\" data-id=\"fec0e41\" data-element_type=\"column\" data-e-type=\"column\">\n\t\t\t<div class=\"elementor-widget-wrap elementor-element-populated\">\n\t\t\t\t\t\t<div class=\"elementor-element elementor-element-4caab6d elementor-widget elementor-widget-image\" data-id=\"4caab6d\" data-element_type=\"widget\" data-e-type=\"widget\" data-widget_type=\"image.default\">\n\t\t\t\t<div class=\"elementor-widget-container\">\n\t\t\t\t\t\t\t\t\t\t\t\t\t\t\t<img loading=\"lazy\" decoding=\"async\" width=\"2048\" height=\"2048\" src=\"https:\/\/workingvisually.it\/wp-content\/uploads\/2025\/04\/Opera_senza_titolo-2.jpg\" class=\"attachment-full size-full wp-image-5994 not-transparent\" alt=\"\" srcset=\"https:\/\/workingvisually.it\/wp-content\/uploads\/2025\/04\/Opera_senza_titolo-2.jpg 2048w, https:\/\/workingvisually.it\/wp-content\/uploads\/2025\/04\/Opera_senza_titolo-2-300x300.jpg 300w, https:\/\/workingvisually.it\/wp-content\/uploads\/2025\/04\/Opera_senza_titolo-2-1024x1024.jpg 1024w, https:\/\/workingvisually.it\/wp-content\/uploads\/2025\/04\/Opera_senza_titolo-2-150x150.jpg 150w, https:\/\/workingvisually.it\/wp-content\/uploads\/2025\/04\/Opera_senza_titolo-2-768x768.jpg 768w, https:\/\/workingvisually.it\/wp-content\/uploads\/2025\/04\/Opera_senza_titolo-2-1536x1536.jpg 1536w\" sizes=\"(max-width: 2048px) 100vw, 2048px\" data-has-transparency=\"false\" data-dominant-color=\"288aa4\" style=\"--dominant-color: #288aa4\" \/>\t\t\t\t\t\t\t\t\t\t\t\t\t\t\t<\/div>\n\t\t\t\t<\/div>\n\t\t\t\t\t<\/div>\n\t\t<\/div>\n\t\t\t\t<div class=\"aux-parallax-section elementor-column elementor-col-50 elementor-inner-column elementor-element elementor-element-8f6ea62\" data-id=\"8f6ea62\" data-element_type=\"column\" data-e-type=\"column\">\n\t\t\t<div class=\"elementor-widget-wrap elementor-element-populated\">\n\t\t\t\t\t\t<div class=\"elementor-element elementor-element-2496de8 elementor-widget elementor-widget-heading\" data-id=\"2496de8\" data-element_type=\"widget\" data-e-type=\"widget\" data-widget_type=\"heading.default\">\n\t\t\t\t<div class=\"elementor-widget-container\">\n\t\t\t\t\t<h4 class=\"elementor-heading-title elementor-size-default\">Formazione Visual for Science<\/h4>\t\t\t\t<\/div>\n\t\t\t\t<\/div>\n\t\t\t\t<div class=\"elementor-element elementor-element-c5eb455 elementor-widget elementor-widget-text-editor\" data-id=\"c5eb455\" data-element_type=\"widget\" data-e-type=\"widget\" data-widget_type=\"text-editor.default\">\n\t\t\t\t<div class=\"elementor-widget-container\">\n\t\t\t\t\t\t\t\t\t<p>Presentare, raccontare, spiegare<br \/>la scienza con gli strumenti visuali.<\/p>\t\t\t\t\t\t\t\t<\/div>\n\t\t\t\t<\/div>\n\t\t\t\t<div class=\"elementor-element elementor-element-81fc5c2 elementor-widget elementor-widget-text-editor\" data-id=\"81fc5c2\" data-element_type=\"widget\" data-e-type=\"widget\" data-widget_type=\"text-editor.default\">\n\t\t\t\t<div class=\"elementor-widget-container\">\n\t\t\t\t\t\t\t\t\t<p><i>Quali sono le pratiche e gli strumenti che rendono efficace la<br \/>comunicazione visiva di un progetto di ricerca scientifica?<\/i><\/p><p>Il percorso formativo Visual for Science ha l\u2019obiettivo di fornire<br \/>strumenti per una efficace comunicazione visiva della ricerca<br \/>scientifica, esplorando e sperimentando tecniche e metodi di visual thinking e di visual storytelling scientifico, con particolare<br \/>attenzione alle tendenze pi\u00f9 moderne, come l&#8217;utilizzo dell&#8217;AI.<br \/>La proposta pu\u00f2 essere svolta in una sola lezione oppure svilupparsi in pi\u00f9 sessioni, approfondendo temi specifici.<\/p><p><strong>Argomenti trattati<\/strong><br \/>Parole e immagini: key concept<br \/>Immagini significative, evocative, simboliche<br \/>Narrazioni visive statiche e dinamiche<br \/>Visualizzazione dati<br \/>Presentazioni efficaci<br \/>Social media<br \/>Library, gallerie e depositi<\/p>\t\t\t\t\t\t\t\t<\/div>\n\t\t\t\t<\/div>\n\t\t\t\t\t<\/div>\n\t\t<\/div>\n\t\t\t\t\t<\/div>\n\t\t<\/section>\n\t\t\t\t\t<\/div>\n\t\t<\/div>\n\t\t\t\t\t<\/div>\n\t\t<\/section>\n\t\t\t\t<\/div>\n\t\t","protected":false},"excerpt":{"rendered":"<p>Come il disegno e il pensiero visivo possono aiutare la scienza? Un metodo attivo migliorare la comunicazione visiva di chi fa scienza, senza intermediari MIgliorare la comunicazione scientifica La comunicazione scientifica ha bisogno di immagini e rappresentazioni pensate ad hoc, ma chi fa scienza, molto spesso, non riesce a comunicarla nel modo migliore. Si deve [&hellip;]<\/p>\n","protected":false},"author":1,"featured_media":904,"parent":0,"menu_order":0,"comment_status":"closed","ping_status":"closed","template":"templates\/page-builder-content.php","meta":{"footnotes":""},"class_list":["post-814","page","type-page","status-publish","has-post-thumbnail","hentry"],"aioseo_notices":[],"_links":{"self":[{"href":"https:\/\/workingvisually.it\/index.php\/wp-json\/wp\/v2\/pages\/814","targetHints":{"allow":["GET"]}}],"collection":[{"href":"https:\/\/workingvisually.it\/index.php\/wp-json\/wp\/v2\/pages"}],"about":[{"href":"https:\/\/workingvisually.it\/index.php\/wp-json\/wp\/v2\/types\/page"}],"author":[{"embeddable":true,"href":"https:\/\/workingvisually.it\/index.php\/wp-json\/wp\/v2\/users\/1"}],"replies":[{"embeddable":true,"href":"https:\/\/workingvisually.it\/index.php\/wp-json\/wp\/v2\/comments?post=814"}],"version-history":[{"count":32,"href":"https:\/\/workingvisually.it\/index.php\/wp-json\/wp\/v2\/pages\/814\/revisions"}],"predecessor-version":[{"id":6004,"href":"https:\/\/workingvisually.it\/index.php\/wp-json\/wp\/v2\/pages\/814\/revisions\/6004"}],"wp:featuredmedia":[{"embeddable":true,"href":"https:\/\/workingvisually.it\/index.php\/wp-json\/wp\/v2\/media\/904"}],"wp:attachment":[{"href":"https:\/\/workingvisually.it\/index.php\/wp-json\/wp\/v2\/media?parent=814"}],"curies":[{"name":"wp","href":"https:\/\/api.w.org\/{rel}","templated":true}]}}