{"id":5528,"date":"2024-01-12T00:39:06","date_gmt":"2024-01-11T23:39:06","guid":{"rendered":"http:\/\/workingvisually.it\/?page_id=5528"},"modified":"2025-06-16T12:12:21","modified_gmt":"2025-06-16T10:12:21","slug":"do-it-visual","status":"publish","type":"page","link":"https:\/\/workingvisually.it\/index.php\/do-it-visual\/","title":{"rendered":"Do It Visual! &#8211; Diventa un visual Thinker"},"content":{"rendered":"\t\t<div data-elementor-type=\"wp-page\" data-elementor-id=\"5528\" class=\"elementor elementor-5528\">\n\t\t\t\t\t\t<section class=\"elementor-section elementor-top-section elementor-element elementor-element-3455c1d elementor-section-boxed elementor-section-height-default elementor-section-height-default\" data-id=\"3455c1d\" data-element_type=\"section\" data-e-type=\"section\">\n\t\t\t\t\t\t<div class=\"elementor-container elementor-column-gap-default\">\n\t\t\t\t\t<div class=\"aux-parallax-section elementor-column elementor-col-100 elementor-top-column elementor-element elementor-element-ba29f61\" data-id=\"ba29f61\" data-element_type=\"column\" data-e-type=\"column\">\n\t\t\t<div class=\"elementor-widget-wrap elementor-element-populated\">\n\t\t\t\t\t\t<section class=\"elementor-section elementor-inner-section elementor-element elementor-element-2c45558 elementor-section-boxed elementor-section-height-default elementor-section-height-default\" data-id=\"2c45558\" data-element_type=\"section\" data-e-type=\"section\">\n\t\t\t\t\t\t<div class=\"elementor-container elementor-column-gap-default\">\n\t\t\t\t\t<div class=\"aux-parallax-section elementor-column elementor-col-50 elementor-inner-column elementor-element elementor-element-c695bdf\" data-id=\"c695bdf\" data-element_type=\"column\" data-e-type=\"column\">\n\t\t\t<div class=\"elementor-widget-wrap elementor-element-populated\">\n\t\t\t\t\t\t<div class=\"elementor-element elementor-element-94eb794 elementor-widget elementor-widget-heading\" data-id=\"94eb794\" data-element_type=\"widget\" data-e-type=\"widget\" data-widget_type=\"heading.default\">\n\t\t\t\t<div class=\"elementor-widget-container\">\n\t\t\t\t\t<h2 class=\"elementor-heading-title elementor-size-default\">Un percorso formativo \nper diventare pensatori visivi<\/h2>\t\t\t\t<\/div>\n\t\t\t\t<\/div>\n\t\t\t\t\t<\/div>\n\t\t<\/div>\n\t\t\t\t<div class=\"aux-parallax-section elementor-column elementor-col-50 elementor-inner-column elementor-element elementor-element-7315cd8\" data-id=\"7315cd8\" data-element_type=\"column\" data-e-type=\"column\">\n\t\t\t<div class=\"elementor-widget-wrap elementor-element-populated\">\n\t\t\t\t\t\t<div class=\"elementor-element elementor-element-3809d50 elementor-widget elementor-widget-image\" data-id=\"3809d50\" data-element_type=\"widget\" data-e-type=\"widget\" data-widget_type=\"image.default\">\n\t\t\t\t<div class=\"elementor-widget-container\">\n\t\t\t\t\t\t\t\t\t\t\t\t\t\t\t<img decoding=\"async\" src=\"https:\/\/workingvisually.it\/wp-content\/uploads\/elementor\/thumbs\/Opera_senza_titolo-4-copia-qi2s7v5o6cnaaboyb3s4dpcn3y315q6tu9oj12gy80.jpg\" title=\"Opera_senza_titolo 4 copia\" alt=\"Opera_senza_titolo 4 copia\" loading=\"lazy\" \/>\t\t\t\t\t\t\t\t\t\t\t\t\t\t\t<\/div>\n\t\t\t\t<\/div>\n\t\t\t\t\t<\/div>\n\t\t<\/div>\n\t\t\t\t\t<\/div>\n\t\t<\/section>\n\t\t\t\t\t<\/div>\n\t\t<\/div>\n\t\t\t\t\t<\/div>\n\t\t<\/section>\n\t\t\t\t<section class=\"elementor-section elementor-top-section elementor-element elementor-element-eb42830 elementor-section-boxed elementor-section-height-default elementor-section-height-default\" data-id=\"eb42830\" data-element_type=\"section\" data-e-type=\"section\">\n\t\t\t\t\t\t<div class=\"elementor-container elementor-column-gap-default\">\n\t\t\t\t\t<div class=\"aux-parallax-section elementor-column elementor-col-100 elementor-top-column elementor-element elementor-element-1c10fcd\" data-id=\"1c10fcd\" data-element_type=\"column\" data-e-type=\"column\">\n\t\t\t<div class=\"elementor-widget-wrap elementor-element-populated\">\n\t\t\t\t\t\t<section class=\"elementor-section elementor-inner-section elementor-element elementor-element-6e9b466 elementor-section-boxed elementor-section-height-default elementor-section-height-default\" data-id=\"6e9b466\" data-element_type=\"section\" data-e-type=\"section\">\n\t\t\t\t\t\t<div class=\"elementor-container elementor-column-gap-default\">\n\t\t\t\t\t<div class=\"aux-parallax-section elementor-column elementor-col-50 elementor-inner-column elementor-element elementor-element-f83c7bf\" data-id=\"f83c7bf\" data-element_type=\"column\" data-e-type=\"column\" data-settings=\"{&quot;background_background&quot;:&quot;classic&quot;}\">\n\t\t\t<div class=\"elementor-widget-wrap elementor-element-populated\">\n\t\t\t\t\t\t<div class=\"elementor-element elementor-element-14b497c elementor-widget elementor-widget-heading\" data-id=\"14b497c\" data-element_type=\"widget\" data-e-type=\"widget\" data-widget_type=\"heading.default\">\n\t\t\t\t<div class=\"elementor-widget-container\">\n\t\t\t\t\t<h2 class=\"elementor-heading-title elementor-size-default\">Il corso di Visual Thinking pi\u00f9 originale che si pu\u00f2 trovare in Italia: Disegno Brutto, linguaggi visuali, mappe concettuali, linee e flussi, diagrammi, forniscono le basi per diventare un Pensatore Visivo creativo ed efficace. <\/h2>\t\t\t\t<\/div>\n\t\t\t\t<\/div>\n\t\t\t\t\t<\/div>\n\t\t<\/div>\n\t\t\t\t<div class=\"aux-parallax-section elementor-column elementor-col-50 elementor-inner-column elementor-element elementor-element-9a0ebe3\" data-id=\"9a0ebe3\" data-element_type=\"column\" data-e-type=\"column\">\n\t\t\t<div class=\"elementor-widget-wrap elementor-element-populated\">\n\t\t\t\t\t\t<div class=\"elementor-element elementor-element-1142274 elementor-widget elementor-widget-text-editor\" data-id=\"1142274\" data-element_type=\"widget\" data-e-type=\"widget\" data-widget_type=\"text-editor.default\">\n\t\t\t\t<div class=\"elementor-widget-container\">\n\t\t\t\t\t\t\t\t\t<p>Un percorso formativo da svolgere in azienda, con tutoring a distanza e prove pratiche.<\/p><p><strong><i>Cosa offre?<br \/><\/i><\/strong>Un&#8217;approccio <b>peculiare e innovativo<\/b>.<br \/>La garanzia di riuscire a disegnare grazie al <b>Disegno Brutto.<\/b><br \/><b>Le competenze per diventare un Pensatore Visivo<\/b>, capace di <b>progettare, comunicare riflettere, analizzare, risolvere<\/b> in modo diverso e pi\u00f9 efficace.<\/p><p>Il percorso \u00e8 costruito in modo <b>originale<\/b>, diverso da qualsiasi altra proposta formativa di Visual Thinking o Sketchnoting, grazie ad un approfondito studio della materia e a una pratica intensa di 20 anni. <br \/>Utilizza conoscenze di tipo filosofico, psicologico, neuroscientifico e pratico.\u00a0<\/p><p>Il formatore, <b>Alessandro Bonaccorsi<\/b>, \u00e8 riconosciuto e apprezzato come uno dei Visual Thinker pi\u00f9 originali del panorama nazionale, forte di collaborazioni e attivit\u00e0 svolte con aziende e realt\u00e0 di ogni tipo.<\/p>\t\t\t\t\t\t\t\t<\/div>\n\t\t\t\t<\/div>\n\t\t\t\t\t<\/div>\n\t\t<\/div>\n\t\t\t\t\t<\/div>\n\t\t<\/section>\n\t\t\t\t<div class=\"elementor-element elementor-element-710a0ce elementor-widget-divider--view-line elementor-widget elementor-widget-divider\" data-id=\"710a0ce\" data-element_type=\"widget\" data-e-type=\"widget\" data-widget_type=\"divider.default\">\n\t\t\t\t<div class=\"elementor-widget-container\">\n\t\t\t\t\t\t\t<div class=\"elementor-divider\">\n\t\t\t<span class=\"elementor-divider-separator\">\n\t\t\t\t\t\t<\/span>\n\t\t<\/div>\n\t\t\t\t\t\t<\/div>\n\t\t\t\t<\/div>\n\t\t\t\t<section class=\"elementor-section elementor-inner-section elementor-element elementor-element-620b9b3 elementor-section-boxed elementor-section-height-default elementor-section-height-default\" data-id=\"620b9b3\" data-element_type=\"section\" data-e-type=\"section\">\n\t\t\t\t\t\t<div class=\"elementor-container elementor-column-gap-default\">\n\t\t\t\t\t<div class=\"aux-parallax-section elementor-column elementor-col-50 elementor-inner-column elementor-element elementor-element-bdfac5c\" data-id=\"bdfac5c\" data-element_type=\"column\" data-e-type=\"column\">\n\t\t\t<div class=\"elementor-widget-wrap elementor-element-populated\">\n\t\t\t\t\t\t<div class=\"elementor-element elementor-element-333fec2 elementor-widget elementor-widget-heading\" data-id=\"333fec2\" data-element_type=\"widget\" data-e-type=\"widget\" data-widget_type=\"heading.default\">\n\t\t\t\t<div class=\"elementor-widget-container\">\n\t\t\t\t\t<h4 class=\"elementor-heading-title elementor-size-default\">Immaginazione - Pensiero laterale -\nIntuizione - Problem solving -\nVisione d'insieme - Analisi - Creativit\u00e0 - Attenzione<\/h4>\t\t\t\t<\/div>\n\t\t\t\t<\/div>\n\t\t\t\t<div class=\"elementor-element elementor-element-b71b250 elementor-widget elementor-widget-image\" data-id=\"b71b250\" data-element_type=\"widget\" data-e-type=\"widget\" data-widget_type=\"image.default\">\n\t\t\t\t<div class=\"elementor-widget-container\">\n\t\t\t\t\t\t\t\t\t\t\t\t\t\t\t<img fetchpriority=\"high\" decoding=\"async\" width=\"1024\" height=\"1024\" src=\"https:\/\/workingvisually.it\/wp-content\/uploads\/2023\/02\/visual-change-e1676042846958-1024x1024.png\" class=\"attachment-large size-large wp-image-1087\" alt=\"\" srcset=\"https:\/\/workingvisually.it\/wp-content\/uploads\/2023\/02\/visual-change-e1676042846958-1024x1024.png 1024w, https:\/\/workingvisually.it\/wp-content\/uploads\/2023\/02\/visual-change-e1676042846958-768x768.png 768w\" sizes=\"(max-width: 1024px) 100vw, 1024px\" \/>\t\t\t\t\t\t\t\t\t\t\t\t\t\t\t<\/div>\n\t\t\t\t<\/div>\n\t\t\t\t\t<\/div>\n\t\t<\/div>\n\t\t\t\t<div class=\"aux-parallax-section elementor-column elementor-col-50 elementor-inner-column elementor-element elementor-element-fa72cb0\" data-id=\"fa72cb0\" data-element_type=\"column\" data-e-type=\"column\">\n\t\t\t<div class=\"elementor-widget-wrap elementor-element-populated\">\n\t\t\t\t\t\t<div class=\"elementor-element elementor-element-da0eb15 elementor-widget elementor-widget-heading\" data-id=\"da0eb15\" data-element_type=\"widget\" data-e-type=\"widget\" data-widget_type=\"heading.default\">\n\t\t\t\t<div class=\"elementor-widget-container\">\n\t\t\t\t\t<h3 class=\"elementor-heading-title elementor-size-default\">La necessit\u00e0 di un pensiero visivo \ne pi\u00f9 immaginativo<\/h3>\t\t\t\t<\/div>\n\t\t\t\t<\/div>\n\t\t\t\t<div class=\"elementor-element elementor-element-98c68f7 elementor-widget elementor-widget-text-editor\" data-id=\"98c68f7\" data-element_type=\"widget\" data-e-type=\"widget\" data-widget_type=\"text-editor.default\">\n\t\t\t\t<div class=\"elementor-widget-container\">\n\t\t\t\t\t\t\t\t\t<p>Impariamo sin da piccoli ad essere logici e razionali, a pensare in termini di causa ed effetto, a prevedere e cercare controllare gli eventi: in una parola, impariamo la linearit\u00e0.<br \/>Il pensiero lineare ha il suo strumento principale nel linguaggio, parlato e scritto, di cui tutti ne facciamo grande uso. Facciamo fatica a guardare le cose da altre prospettive, ad avere la vista d&#8217;insieme, a immaginare cose che non ci sono.<\/p><p>Nonostante questa educazione, fantasie, visioni, sogni, intuizioni accendono la nostra mente ogni giorno, ma il pi\u00f9 delle volte non sappiamo cosa farci e le trattiamo come materiale inutile. La loro eccentricit\u00e0 ci spaventa.\u00a0<br \/><b>La realt\u00e0 \u00e8 che tutti pensiamo gi\u00e0 in modo visivo, ma sembriamo non voler accettarlo.<\/b><\/p>\t\t\t\t\t\t\t\t<\/div>\n\t\t\t\t<\/div>\n\t\t\t\t\t<\/div>\n\t\t<\/div>\n\t\t\t\t\t<\/div>\n\t\t<\/section>\n\t\t\t\t<section class=\"elementor-section elementor-inner-section elementor-element elementor-element-8ead8e1 elementor-section-boxed elementor-section-height-default elementor-section-height-default\" data-id=\"8ead8e1\" data-element_type=\"section\" data-e-type=\"section\">\n\t\t\t\t\t\t<div class=\"elementor-container elementor-column-gap-default\">\n\t\t\t\t\t<div class=\"aux-parallax-section elementor-column elementor-col-50 elementor-inner-column elementor-element elementor-element-10d3cc0\" data-id=\"10d3cc0\" data-element_type=\"column\" data-e-type=\"column\">\n\t\t\t<div class=\"elementor-widget-wrap elementor-element-populated\">\n\t\t\t\t\t\t<div class=\"elementor-element elementor-element-7fd5204 elementor-widget elementor-widget-heading\" data-id=\"7fd5204\" data-element_type=\"widget\" data-e-type=\"widget\" data-widget_type=\"heading.default\">\n\t\t\t\t<div class=\"elementor-widget-container\">\n\t\t\t\t\t<h4 class=\"elementor-heading-title elementor-size-default\"><i>\"Un approccio che cambia la visuale...\"<\/i><\/h4>\t\t\t\t<\/div>\n\t\t\t\t<\/div>\n\t\t\t\t<div class=\"elementor-element elementor-element-2ed4765 elementor-widget elementor-widget-image\" data-id=\"2ed4765\" data-element_type=\"widget\" data-e-type=\"widget\" data-widget_type=\"image.default\">\n\t\t\t\t<div class=\"elementor-widget-container\">\n\t\t\t\t\t\t\t\t\t\t\t\t\t\t\t<img decoding=\"async\" width=\"1000\" height=\"1024\" src=\"https:\/\/workingvisually.it\/wp-content\/uploads\/2023\/02\/le-immagini-ampliano-WV23-1000x1024.png\" class=\"attachment-large size-large wp-image-1093\" alt=\"\" \/>\t\t\t\t\t\t\t\t\t\t\t\t\t\t\t<\/div>\n\t\t\t\t<\/div>\n\t\t\t\t\t<\/div>\n\t\t<\/div>\n\t\t\t\t<div class=\"aux-parallax-section elementor-column elementor-col-50 elementor-inner-column elementor-element elementor-element-a91299c\" data-id=\"a91299c\" data-element_type=\"column\" data-e-type=\"column\">\n\t\t\t<div class=\"elementor-widget-wrap elementor-element-populated\">\n\t\t\t\t\t\t<div class=\"elementor-element elementor-element-03112fc elementor-widget elementor-widget-text-editor\" data-id=\"03112fc\" data-element_type=\"widget\" data-e-type=\"widget\" data-widget_type=\"text-editor.default\">\n\t\t\t\t<div class=\"elementor-widget-container\">\n\t\t\t\t\t\t\t\t\t<p>\u00a0Ci giustifichiamo con il fatto che non siamo creativi, che non usiamo l&#8217;immaginazione, che non siamo artisti e cose cos\u00ec.<\/p><p><span style=\"font-size: 20.002px;\">Questo percorso nasce per <strong>risvegliare capacit\u00e0<\/strong> che paiono sopite sotto la logica, i dati, le analisi, il senso pratico, l&#8217;efficienza, i risultati, le performance. Affrontiamo il lavoro dimenticandoci che siamo esseri umani e, quindi, che siamo animali immaginativi, simbolici, capaci di manipolare l&#8217;ambiente che ci circonda e di inventare modi per vivere sempre meglio.<\/span><\/p><p>Dall&#8217;uso delle pietre bifacciali alla tecnologia laser sono passati trecentomila anni, nei quali gli esseri umani hanno utilizzato la loro intelligenza, la loro inventiva e la loro immaginazione per risolvere i problemi quotidiani.<\/p><p>Ogni essere umano pu\u00f2 essere visionario, immaginativo, intuitivo: imparare ad usare il pensiero visivo riattiver\u00e0 e svilupper\u00e0 queste capacit\u00e0.<br \/>Per poterlo fare si dovr\u00e0 cambiare mentalit\u00e0, fare un <i>Mindset Change<\/i>, per dirla all&#8217;inglese.<\/p>\t\t\t\t\t\t\t\t<\/div>\n\t\t\t\t<\/div>\n\t\t\t\t\t<\/div>\n\t\t<\/div>\n\t\t\t\t\t<\/div>\n\t\t<\/section>\n\t\t\t\t<div class=\"elementor-element elementor-element-c1b7010 elementor-widget elementor-widget-heading\" data-id=\"c1b7010\" data-element_type=\"widget\" data-e-type=\"widget\" data-widget_type=\"heading.default\">\n\t\t\t\t<div class=\"elementor-widget-container\">\n\t\t\t\t\t<h4 class=\"elementor-heading-title elementor-size-default\">A chi si rivolge<\/h4>\t\t\t\t<\/div>\n\t\t\t\t<\/div>\n\t\t\t\t<div class=\"elementor-element elementor-element-43579e4 elementor-widget elementor-widget-text-editor\" data-id=\"43579e4\" data-element_type=\"widget\" data-e-type=\"widget\" data-widget_type=\"text-editor.default\">\n\t\t\t\t<div class=\"elementor-widget-container\">\n\t\t\t\t\t\t\t\t\t<p><b>Do it Visual!<\/b>\u00a0\u00e8 adatto per chi lavora in ambiti come: <b>innovazione, gestione, comunicazione<\/b>.<br \/>Sar\u00e0 amato da chi lavora con metodologie <b>Agile<\/b>, da chi sviluppa e gestisce progetti, da chi fa consulenza.<br \/>Piacer\u00e0 molto a chi si occupa di <b>processi<\/b>, a chi usa <b>framework organizzativi\u00a0<\/b>e <i><b>Design process<\/b><\/i>, a chi analizza <b>finanze<\/b> e redige <b>bilanci<\/b>, a chi lavora in ambiti di <b>ricerca<\/b> e di <b>sviluppo<\/b>.<br \/>Incuriosir\u00e0 chi lavora nelle <b>risorse umane,<\/b> perch\u00e9 le modalit\u00e0 visuali possono portare grandi benefici e benessere sul posto di lavoro, nonch\u00e9 aiutare ad analizzare il clima aziendale.<\/p><p>Per un&#8217;azienda o un&#8217;organizzazione ci sono molti <b>vantaggi nell&#8217;avere uno o pi\u00f9 Visual Thinker al proprio interno<\/b> perch\u00e9 saranno in grado di intervenire con un <i>approccio diverso, disruptive, laterale e immaginativo<\/i> in tutte quelle situazioni che non possono essere risolte in modo lineare.<br \/>Gli strumenti di Visual Thinking permettono di osservare dati e informazioni da una angolazione diversa, rivelando e <b>facendo emergere nuove risposte<\/b>.<\/p>\t\t\t\t\t\t\t\t<\/div>\n\t\t\t\t<\/div>\n\t\t\t\t<div class=\"elementor-element elementor-element-f37f6b4 elementor-widget elementor-widget-heading\" data-id=\"f37f6b4\" data-element_type=\"widget\" data-e-type=\"widget\" data-widget_type=\"heading.default\">\n\t\t\t\t<div class=\"elementor-widget-container\">\n\t\t\t\t\t<h4 class=\"elementor-heading-title elementor-size-default\">Come si svolge<\/h4>\t\t\t\t<\/div>\n\t\t\t\t<\/div>\n\t\t\t\t<div class=\"elementor-element elementor-element-54fdeb0 elementor-widget elementor-widget-text-editor\" data-id=\"54fdeb0\" data-element_type=\"widget\" data-e-type=\"widget\" data-widget_type=\"text-editor.default\">\n\t\t\t\t<div class=\"elementor-widget-container\">\n\t\t\t\t\t\t\t\t\t<p><span style=\"font-weight: bold;\">Do it Visual!<\/span> \u00e8 un percorso formativo proposto in modalit\u00e0 ibrida (dal vivo + online), coinvolgendo uno o pi\u00f9 partecipanti, sia in azienda che in un ambiente diverso.<br \/>Si sviluppa in <b>un numero di incontri dal vivo <\/b>(da stabilire con il committente) intervallati da incontri di tutoring da remoto. Dopo la fine del percorso e quando il Visual Thinker avr\u00e0 iniziato ad utilizzare le conoscenze acquisite, ci sar\u00e0 un incontro per confrontarsi e valutare i progressi fatti e risolvere eventuali problemi di applicazione.<br \/>Al termine della serie di incontri prestabiliti, possono essere approfonditi alcuni temi o strumenti secondo le richieste del committente.<br \/><em>Si sconsiglia un percorso esclusivamente online perch\u00e9 le tecniche di Visual Thinking hanno bisogno di essere praticate e quindi seguite da vicino dal docente.<\/em><\/p>\t\t\t\t\t\t\t\t<\/div>\n\t\t\t\t<\/div>\n\t\t\t\t<div class=\"elementor-element elementor-element-9d3cbd9 elementor-widget elementor-widget-text-editor\" data-id=\"9d3cbd9\" data-element_type=\"widget\" data-e-type=\"widget\" data-widget_type=\"text-editor.default\">\n\t\t\t\t<div class=\"elementor-widget-container\">\n\t\t\t\t\t\t\t\t\t<p>Il percorso consigliato<span style=\"font-weight: bold;\"> Do it Visual!<\/span>\u00a0\u00e8 di:<br \/>\u00a0<b>24 ore per 4 incontri dal vivo<br \/>+ 6 ore da remoto <br \/>+ 1 o pi\u00f9 incontri da programmare dopo la fine del ciclo formativo<\/b>.<br \/>Il percorso prevede anche una progettazione ad-hoc dei contenuti per le esigenze specifiche di ogni committente ed eventuali incontri di approfondimento.<\/p><p><em>Per aziende e organizzazioni in zona Romagna e Bologna si pu\u00f2 considerare un percorso in 6-8 incontri da 3-4 ore (mezza giornata).<\/em><\/p>\t\t\t\t\t\t\t\t<\/div>\n\t\t\t\t<\/div>\n\t\t\t\t\t<\/div>\n\t\t<\/div>\n\t\t\t\t\t<\/div>\n\t\t<\/section>\n\t\t\t\t<section class=\"elementor-section elementor-top-section elementor-element elementor-element-feeac9c elementor-section-boxed elementor-section-height-default elementor-section-height-default\" data-id=\"feeac9c\" data-element_type=\"section\" data-e-type=\"section\">\n\t\t\t\t\t\t<div class=\"elementor-container elementor-column-gap-default\">\n\t\t\t\t\t<div class=\"aux-parallax-section elementor-column elementor-col-100 elementor-top-column elementor-element elementor-element-294b6c8\" data-id=\"294b6c8\" data-element_type=\"column\" data-e-type=\"column\">\n\t\t\t<div class=\"elementor-widget-wrap elementor-element-populated\">\n\t\t\t\t\t\t<section class=\"elementor-section elementor-inner-section elementor-element elementor-element-ba0dd79 elementor-section-boxed elementor-section-height-default elementor-section-height-default\" data-id=\"ba0dd79\" data-element_type=\"section\" data-e-type=\"section\">\n\t\t\t\t\t\t<div class=\"elementor-container elementor-column-gap-default\">\n\t\t\t\t\t<div class=\"aux-parallax-section elementor-column elementor-col-50 elementor-inner-column elementor-element elementor-element-a23478a\" data-id=\"a23478a\" data-element_type=\"column\" data-e-type=\"column\" data-settings=\"{&quot;background_background&quot;:&quot;classic&quot;}\">\n\t\t\t<div class=\"elementor-widget-wrap elementor-element-populated\">\n\t\t\t\t\t\t<div class=\"elementor-element elementor-element-6c0571f elementor-widget elementor-widget-text-editor\" data-id=\"6c0571f\" data-element_type=\"widget\" data-e-type=\"widget\" data-widget_type=\"text-editor.default\">\n\t\t\t\t<div class=\"elementor-widget-container\">\n\t\t\t\t\t\t\t\t\t<p>Per avere un preventivo o maggiori informazioni scrivere a <a href=\"mailto:consulenza@workingvisually.it\">consulenza@workingvisually.it<\/a><\/p>\t\t\t\t\t\t\t\t<\/div>\n\t\t\t\t<\/div>\n\t\t\t\t\t<\/div>\n\t\t<\/div>\n\t\t\t\t<div class=\"aux-parallax-section elementor-column elementor-col-50 elementor-inner-column elementor-element elementor-element-2a28d1a\" data-id=\"2a28d1a\" data-element_type=\"column\" data-e-type=\"column\">\n\t\t\t<div class=\"elementor-widget-wrap elementor-element-populated\">\n\t\t\t\t\t\t<div class=\"elementor-element elementor-element-8f1fe52 elementor-widget elementor-widget-text-editor\" data-id=\"8f1fe52\" data-element_type=\"widget\" data-e-type=\"widget\" data-widget_type=\"text-editor.default\">\n\t\t\t\t<div class=\"elementor-widget-container\">\n\t\t\t\t\t\t\t\t\t<p><em><strong>Quanto pu\u00f2 costare?<\/strong><\/em><br>\u00c8 un percorso formativo di 30 ore, pi\u00f9 eventuali approfondimenti e recap, progettato <em>ad hoc<\/em>. <br>Si deve considerare quindi:<br>il costo orario di una formazione di alto livello; <br>i costi della progettazione <em>ad hoc<\/em> per ogni tipologia di cliente; <br>i costi di trasferta (da Ravenna).<\/p>\t\t\t\t\t\t\t\t<\/div>\n\t\t\t\t<\/div>\n\t\t\t\t\t<\/div>\n\t\t<\/div>\n\t\t\t\t\t<\/div>\n\t\t<\/section>\n\t\t\t\t<div class=\"elementor-element elementor-element-b4e7ec0 elementor-widget-divider--view-line elementor-widget elementor-widget-divider\" data-id=\"b4e7ec0\" data-element_type=\"widget\" data-e-type=\"widget\" data-widget_type=\"divider.default\">\n\t\t\t\t<div class=\"elementor-widget-container\">\n\t\t\t\t\t\t\t<div class=\"elementor-divider\">\n\t\t\t<span class=\"elementor-divider-separator\">\n\t\t\t\t\t\t<\/span>\n\t\t<\/div>\n\t\t\t\t\t\t<\/div>\n\t\t\t\t<\/div>\n\t\t\t\t\t<\/div>\n\t\t<\/div>\n\t\t\t\t\t<\/div>\n\t\t<\/section>\n\t\t\t\t<\/div>\n\t\t","protected":false},"excerpt":{"rendered":"<p>Un percorso formativo per diventare pensatori visivi Il corso di Visual Thinking pi\u00f9 originale che si pu\u00f2 trovare in Italia: Disegno Brutto, linguaggi visuali, mappe concettuali, linee e flussi, diagrammi, forniscono le basi per diventare un Pensatore Visivo creativo ed efficace. Un percorso formativo da svolgere in azienda, con tutoring a distanza e prove pratiche. [&hellip;]<\/p>\n","protected":false},"author":1,"featured_media":0,"parent":0,"menu_order":0,"comment_status":"closed","ping_status":"closed","template":"","meta":{"footnotes":""},"class_list":["post-5528","page","type-page","status-publish","hentry"],"aioseo_notices":[],"_links":{"self":[{"href":"https:\/\/workingvisually.it\/index.php\/wp-json\/wp\/v2\/pages\/5528","targetHints":{"allow":["GET"]}}],"collection":[{"href":"https:\/\/workingvisually.it\/index.php\/wp-json\/wp\/v2\/pages"}],"about":[{"href":"https:\/\/workingvisually.it\/index.php\/wp-json\/wp\/v2\/types\/page"}],"author":[{"embeddable":true,"href":"https:\/\/workingvisually.it\/index.php\/wp-json\/wp\/v2\/users\/1"}],"replies":[{"embeddable":true,"href":"https:\/\/workingvisually.it\/index.php\/wp-json\/wp\/v2\/comments?post=5528"}],"version-history":[{"count":65,"href":"https:\/\/workingvisually.it\/index.php\/wp-json\/wp\/v2\/pages\/5528\/revisions"}],"predecessor-version":[{"id":6155,"href":"https:\/\/workingvisually.it\/index.php\/wp-json\/wp\/v2\/pages\/5528\/revisions\/6155"}],"wp:attachment":[{"href":"https:\/\/workingvisually.it\/index.php\/wp-json\/wp\/v2\/media?parent=5528"}],"curies":[{"name":"wp","href":"https:\/\/api.w.org\/{rel}","templated":true}]}}