{"id":381,"date":"2025-04-24T16:17:47","date_gmt":"2025-04-24T14:17:47","guid":{"rendered":"http:\/\/ufvzwnd.cluster027.hosting.ovh.net\/?page_id=381"},"modified":"2025-04-24T17:04:00","modified_gmt":"2025-04-24T15:04:00","slug":"metodo-2","status":"publish","type":"page","link":"https:\/\/workingvisually.it\/index.php\/metodo-2\/","title":{"rendered":"Metodo"},"content":{"rendered":"\t\t<div data-elementor-type=\"wp-page\" data-elementor-id=\"381\" class=\"elementor elementor-381\">\n\t\t\t\t\t\t<section class=\"elementor-section elementor-top-section elementor-element elementor-element-29138c2b elementor-section-boxed elementor-section-height-default elementor-section-height-default\" data-id=\"29138c2b\" data-element_type=\"section\" data-e-type=\"section\">\n\t\t\t\t\t\t<div class=\"elementor-container elementor-column-gap-default\">\n\t\t\t\t\t<div class=\"aux-parallax-section elementor-column elementor-col-100 elementor-top-column elementor-element elementor-element-7c306e75\" data-id=\"7c306e75\" data-element_type=\"column\" data-e-type=\"column\">\n\t\t\t<div class=\"elementor-widget-wrap elementor-element-populated\">\n\t\t\t\t\t\t<div class=\"elementor-element elementor-element-7d68e575 elementor-widget elementor-widget-text-editor\" data-id=\"7d68e575\" data-element_type=\"widget\" data-e-type=\"widget\" data-widget_type=\"text-editor.default\">\n\t\t\t\t<div class=\"elementor-widget-container\">\n\t\t\t\t\t\t\t\t\t\n<div class=\"wp-block-themeisle-blocks-advanced-columns has-undefined-columns has-desktop-undefined-layout has-tablet-equal-layout has-mobile-equal-layout has-default-gap has-vertical-unset\" id=\"wp-block-themeisle-blocks-advanced-columns-f8ea530b\"><div class=\"wp-block-themeisle-blocks-advanced-columns-overlay\"><\/div><div class=\"innerblocks-wrap\"><\/div><\/div>\n\t\t\t\t\t\t\t\t<\/div>\n\t\t\t\t<\/div>\n\t\t\t\t<div class=\"elementor-element elementor-element-499b7cf elementor-widget elementor-widget-heading\" data-id=\"499b7cf\" data-element_type=\"widget\" data-e-type=\"widget\" data-widget_type=\"heading.default\">\n\t\t\t\t<div class=\"elementor-widget-container\">\n\t\t\t\t\t<h2 class=\"elementor-heading-title elementor-size-default\">Metodo<\/h2>\t\t\t\t<\/div>\n\t\t\t\t<\/div>\n\t\t\t\t\t<\/div>\n\t\t<\/div>\n\t\t\t\t\t<\/div>\n\t\t<\/section>\n\t\t\t\t<section class=\"elementor-section elementor-top-section elementor-element elementor-element-4e45b48 elementor-section-boxed elementor-section-height-default elementor-section-height-default\" data-id=\"4e45b48\" data-element_type=\"section\" data-e-type=\"section\">\n\t\t\t\t\t\t<div class=\"elementor-container elementor-column-gap-default\">\n\t\t\t\t\t<div class=\"aux-parallax-section elementor-column elementor-col-50 elementor-top-column elementor-element elementor-element-703adce\" data-id=\"703adce\" data-element_type=\"column\" data-e-type=\"column\">\n\t\t\t<div class=\"elementor-widget-wrap elementor-element-populated\">\n\t\t\t\t\t\t<div class=\"elementor-element elementor-element-42a6c7a elementor-widget elementor-widget-text-editor\" data-id=\"42a6c7a\" data-element_type=\"widget\" data-e-type=\"widget\" data-widget_type=\"text-editor.default\">\n\t\t\t\t<div class=\"elementor-widget-container\">\n\t\t\t\t\t\t\t\t\t<p>Pensierovisivo realizza attivit\u00e0 e facilitazioni che\u00a0 si diversificano dalle offerte formative tradizionali perch\u00e9 sono attivit\u00e0 pratiche che utilizzano ascolto attivo, gamification, condivisione, non-giudizio, permettendo di creare habitat formativi in cui le persone possono esprimersi e generare risposte nuove.<\/p>\n<p>L&#8217;approccio umano, collaborativo e innovativo di Pensierovisivo, applicato all&#8217;approccio di ricerca interiore del Disegno Brutto, valorizza l&#8217;intelligenza collettiva, crea benessere e stimola il pensiero laterale.<\/p>\n<p>Il disegno garantisce coinvolgimento e tanto divertimento, mettendoci in ascolto con la nostra interiorit\u00e0.<\/p>\t\t\t\t\t\t\t\t<\/div>\n\t\t\t\t<\/div>\n\t\t\t\t\t<\/div>\n\t\t<\/div>\n\t\t\t\t<div class=\"aux-parallax-section elementor-column elementor-col-50 elementor-top-column elementor-element elementor-element-9e2d4c7\" data-id=\"9e2d4c7\" data-element_type=\"column\" data-e-type=\"column\">\n\t\t\t<div class=\"elementor-widget-wrap elementor-element-populated\">\n\t\t\t\t\t\t<div class=\"elementor-element elementor-element-cc894de elementor-widget elementor-widget-image\" data-id=\"cc894de\" data-element_type=\"widget\" data-e-type=\"widget\" data-widget_type=\"image.default\">\n\t\t\t\t<div class=\"elementor-widget-container\">\n\t\t\t\t\t\t\t\t\t\t\t\t\t\t\t<img fetchpriority=\"high\" decoding=\"async\" width=\"1024\" height=\"1024\" src=\"https:\/\/workingvisually.it\/wp-content\/uploads\/2024\/09\/IMG_8560-scaled-e1726239835714-1024x1024.jpg\" class=\"attachment-large size-large wp-image-5691\" alt=\"\" srcset=\"https:\/\/workingvisually.it\/wp-content\/uploads\/2024\/09\/IMG_8560-scaled-e1726239835714-1024x1024.jpg 1024w, https:\/\/workingvisually.it\/wp-content\/uploads\/2024\/09\/IMG_8560-scaled-e1726239835714-300x300.jpg 300w, https:\/\/workingvisually.it\/wp-content\/uploads\/2024\/09\/IMG_8560-scaled-e1726239835714-150x150.jpg 150w, https:\/\/workingvisually.it\/wp-content\/uploads\/2024\/09\/IMG_8560-scaled-e1726239835714-768x768.jpg 768w, https:\/\/workingvisually.it\/wp-content\/uploads\/2024\/09\/IMG_8560-scaled-e1726239835714-100x100.jpg 100w\" sizes=\"(max-width: 1024px) 100vw, 1024px\" \/>\t\t\t\t\t\t\t\t\t\t\t\t\t\t\t<\/div>\n\t\t\t\t<\/div>\n\t\t\t\t\t<\/div>\n\t\t<\/div>\n\t\t\t\t\t<\/div>\n\t\t<\/section>\n\t\t\t\t<section class=\"elementor-section elementor-top-section elementor-element elementor-element-873a8cc elementor-section-boxed elementor-section-height-default elementor-section-height-default\" data-id=\"873a8cc\" data-element_type=\"section\" data-e-type=\"section\">\n\t\t\t\t\t\t<div class=\"elementor-container elementor-column-gap-default\">\n\t\t\t\t\t<div class=\"aux-parallax-section elementor-column elementor-col-50 elementor-top-column elementor-element elementor-element-94235ea\" data-id=\"94235ea\" data-element_type=\"column\" data-e-type=\"column\">\n\t\t\t<div class=\"elementor-widget-wrap elementor-element-populated\">\n\t\t\t\t\t\t<div class=\"elementor-element elementor-element-1f73830 elementor-widget elementor-widget-image\" data-id=\"1f73830\" data-element_type=\"widget\" data-e-type=\"widget\" data-widget_type=\"image.default\">\n\t\t\t\t<div class=\"elementor-widget-container\">\n\t\t\t\t\t\t\t\t\t\t\t\t\t\t\t<img decoding=\"async\" width=\"1024\" height=\"1024\" src=\"https:\/\/workingvisually.it\/wp-content\/uploads\/2025\/04\/IMG_3203-1024x1024.jpg\" class=\"attachment-large size-large wp-image-6019 not-transparent\" alt=\"\" srcset=\"https:\/\/workingvisually.it\/wp-content\/uploads\/2025\/04\/IMG_3203-1024x1024.jpg 1024w, https:\/\/workingvisually.it\/wp-content\/uploads\/2025\/04\/IMG_3203-300x300.jpg 300w, https:\/\/workingvisually.it\/wp-content\/uploads\/2025\/04\/IMG_3203-150x150.jpg 150w, https:\/\/workingvisually.it\/wp-content\/uploads\/2025\/04\/IMG_3203-768x768.jpg 768w\" sizes=\"(max-width: 1024px) 100vw, 1024px\" data-has-transparency=\"false\" data-dominant-color=\"a09e9d\" style=\"--dominant-color: #a09e9d\" \/>\t\t\t\t\t\t\t\t\t\t\t\t\t\t\t<\/div>\n\t\t\t\t<\/div>\n\t\t\t\t\t<\/div>\n\t\t<\/div>\n\t\t\t\t<div class=\"aux-parallax-section elementor-column elementor-col-50 elementor-top-column elementor-element elementor-element-6e1185e\" data-id=\"6e1185e\" data-element_type=\"column\" data-e-type=\"column\">\n\t\t\t<div class=\"elementor-widget-wrap elementor-element-populated\">\n\t\t\t\t\t\t<div class=\"elementor-element elementor-element-df6b8ff elementor-widget elementor-widget-text-editor\" data-id=\"df6b8ff\" data-element_type=\"widget\" data-e-type=\"widget\" data-widget_type=\"text-editor.default\">\n\t\t\t\t<div class=\"elementor-widget-container\">\n\t\t\t\t\t\t\t\t\t<p>I workshop e le attivit\u00e0 sono tutte esperienziali. Si svolgono in una o pi\u00f9 giornate e prevedono l&#8217;uso del disegno. Non viene richiesta nessuna abilit\u00e0 artistica n\u00e9 tecnica, ma soltanto voglia di mettersi in gioco, curiosit\u00e0 e condivisione.<\/p>\t\t\t\t\t\t\t\t<\/div>\n\t\t\t\t<\/div>\n\t\t\t\t\t<\/div>\n\t\t<\/div>\n\t\t\t\t\t<\/div>\n\t\t<\/section>\n\t\t\t\t<\/div>\n\t\t","protected":false},"excerpt":{"rendered":"<p>Pensierovisivo realizza attivit\u00e0 e facilitazioni che\u00a0 si diversificano dalle offerte formative tradizionali: attivit\u00e0 pratiche, ascolto attivo, gamification, condivisione, non-giudizio permettono di creare habitat formativi in cui le persone possono esprimersi e generare risposte nuove.<\/p>\n","protected":false},"author":1,"featured_media":0,"parent":0,"menu_order":0,"comment_status":"closed","ping_status":"closed","template":"","meta":{"footnotes":""},"class_list":["post-381","page","type-page","status-publish","hentry"],"aioseo_notices":[],"_links":{"self":[{"href":"https:\/\/workingvisually.it\/index.php\/wp-json\/wp\/v2\/pages\/381","targetHints":{"allow":["GET"]}}],"collection":[{"href":"https:\/\/workingvisually.it\/index.php\/wp-json\/wp\/v2\/pages"}],"about":[{"href":"https:\/\/workingvisually.it\/index.php\/wp-json\/wp\/v2\/types\/page"}],"author":[{"embeddable":true,"href":"https:\/\/workingvisually.it\/index.php\/wp-json\/wp\/v2\/users\/1"}],"replies":[{"embeddable":true,"href":"https:\/\/workingvisually.it\/index.php\/wp-json\/wp\/v2\/comments?post=381"}],"version-history":[{"count":7,"href":"https:\/\/workingvisually.it\/index.php\/wp-json\/wp\/v2\/pages\/381\/revisions"}],"predecessor-version":[{"id":6027,"href":"https:\/\/workingvisually.it\/index.php\/wp-json\/wp\/v2\/pages\/381\/revisions\/6027"}],"wp:attachment":[{"href":"https:\/\/workingvisually.it\/index.php\/wp-json\/wp\/v2\/media?parent=381"}],"curies":[{"name":"wp","href":"https:\/\/api.w.org\/{rel}","templated":true}]}}